{"id":19081,"date":"2020-09-08T13:04:28","date_gmt":"2020-09-08T13:04:28","guid":{"rendered":"https:\/\/alti.se\/?post_type=product&#038;p=19081"},"modified":"2026-01-09T13:13:57","modified_gmt":"2026-01-09T13:13:57","slug":"sleek-trail-marker-earrings","status":"publish","type":"product","link":"https:\/\/alti.se\/en\/produkt\/sleek-trail-marker-earrings\/","title":{"rendered":"Sleek Trail Marker Earrings"},"content":{"rendered":"","protected":false},"excerpt":{"rendered":"<p><span style=\"font-weight: 400;\"><strong>Earrings that show the way<\/strong><br \/>\n<\/span><span style=\"font-weight: 400;\">These handmade earrings are designed as trail markers and are loved for several different reasons. A trail marker is a symbol that can have many different meanings. For example, it can serve as a guide that helps you find the right path in life. It can also be a symbol that nature lovers associate with hiking, snowmobiling, or skiing. These unique trail marker earrings can, therefore, have multiple meanings depending on who you are and how you choose to view them.     <\/span><\/p>\n<p><span style=\"font-weight: 400;\">ALTI has designed the earrings with the idea that the trail marker can act as a guide, but with its sleek and simple design, it also suits those who do not see it that way. The earrings have a hand-hammered cross and are made entirely of 925 sterling silver. The length of the earrings is approximately 20 mm, width approximately 13 mm, and thickness at the thickest point approximately 3.5 mm. Available in two variants \u2013 entirely glossy or with a blackened cross \u2013 you choose which model you want.    <\/span><\/p>\n<p><strong>Give earrings as a gift<\/strong><span style=\"font-weight: 400;\"><br \/>\n<\/span><span style=\"font-weight: 400;\">Dessa unika \u00f6rh\u00e4ngen fr\u00e5n ALTI passar perfekt att ge bort som en g\u00e5va till en v\u00e4n eller partner. K\u00e4nner du n\u00e5gon som \u00e4lskar friluftslivet och att vara ute i naturen kommer denna helt s\u00e4kert att uppskatta dessa \u00f6rh\u00e4ngen med stavhamrade ledkryss. Att b\u00e4ra \u00f6rh\u00e4ngena kan vara ett s\u00e4tt att ta med sig naturen in. Har du ingen person i din n\u00e4rhet som \u00e4r friluftsm\u00e4nniska s\u00e5 kanske du ist\u00e4llet har n\u00e5gon som antingen kan beh\u00f6va ett smycke som hj\u00e4lper till att visa v\u00e4gen eller som bara uppskattar ett vackert smycke. ALTIs \u00f6rh\u00e4ngen med ledkryss \u00e4r v\u00e4ldigt omtyckta och passar d\u00e4rf\u00f6r extra bra att ge bort i present.    <\/span><\/p>\n","protected":false},"featured_media":18234,"comment_status":"open","ping_status":"closed","template":"","meta":[],"product_brand":[154],"product_cat":[144,146],"product_tag":[],"class_list":{"0":"post-19081","1":"product","2":"type-product","3":"status-publish","4":"has-post-thumbnail","6":"product_brand-alti","7":"product_cat-earrings","8":"product_cat-news","10":"first","11":"instock","12":"taxable","13":"shipping-taxable","14":"purchasable","15":"product-type-variable"},"_links":{"self":[{"href":"https:\/\/alti.se\/en\/wp-json\/wp\/v2\/product\/19081","targetHints":{"allow":["GET"]}}],"collection":[{"href":"https:\/\/alti.se\/en\/wp-json\/wp\/v2\/product"}],"about":[{"href":"https:\/\/alti.se\/en\/wp-json\/wp\/v2\/types\/product"}],"replies":[{"embeddable":true,"href":"https:\/\/alti.se\/en\/wp-json\/wp\/v2\/comments?post=19081"}],"wp:featuredmedia":[{"embeddable":true,"href":"https:\/\/alti.se\/en\/wp-json\/wp\/v2\/media\/18234"}],"wp:attachment":[{"href":"https:\/\/alti.se\/en\/wp-json\/wp\/v2\/media?parent=19081"}],"wp:term":[{"taxonomy":"product_brand","embeddable":true,"href":"https:\/\/alti.se\/en\/wp-json\/wp\/v2\/product_brand?post=19081"},{"taxonomy":"product_cat","embeddable":true,"href":"https:\/\/alti.se\/en\/wp-json\/wp\/v2\/product_cat?post=19081"},{"taxonomy":"product_tag","embeddable":true,"href":"https:\/\/alti.se\/en\/wp-json\/wp\/v2\/product_tag?post=19081"}],"curies":[{"name":"wp","href":"https:\/\/api.w.org\/{rel}","templated":true}]}}